{"id":850,"date":"2018-05-24T19:46:16","date_gmt":"2018-05-24T19:46:16","guid":{"rendered":"http:\/\/www.implantatumotszeretnek.hu\/?page_id=850"},"modified":"2018-05-24T19:46:16","modified_gmt":"2018-05-24T19:46:16","slug":"adatvedelmi-kapcsolatfelvetel","status":"publish","type":"page","link":"https:\/\/www.implantatumotszeretnek.hu\/index.php\/adatvedelmi-kapcsolatfelvetel\/","title":{"rendered":"Adatv\u00e9delmi kapcsolatfelv\u00e9tel"},"content":{"rendered":"<section class=\"l-section wpb_row height_medium\"><div class=\"l-section-h i-cf\"><div class=\"g-cols offset_medium\"><div class=\"vc_col-sm-12 wpb_column vc_column_container\"><div class=\"vc_column-inner\">[vc_custom_heading text=&#8221;Adatv\u00e9delmi kapcsolatfelv\u00e9tel&#8221; font_container=&#8221;tag:h2|font_size:25px|text_align:left&#8221; google_fonts=&#8221;font_family:Merriweather%3A300%2C300italic%2Cregular%2Citalic%2C700%2C700italic%2C900%2C900italic|font_style:400%20regular%3A400%3Anormal&#8221; css=&#8221;.vc_custom_1527191105047{margin-bottom: 10px !important;}&#8221;]<div class=\"wpb_text_column \"><div class=\"wpb_wrapper\"><p>Adatkezel\u00e9ssel kapcsolatos \u00e9szrev\u00e9tele, panasza van? L\u00e9pjen kapcsolatba vel\u00fcnk az info@icxhungary.hu e-mail c\u00edmen vagy t\u00f6ltse ki az al\u00e1bbi \u0171rlapot!<\/p><\/div> <\/div> <div class=\"wpb_text_column \"><div class=\"wpb_wrapper\"><a class=\"wordpress-gdpr-back-link\" href=\"https:\/\/www.implantatumotszeretnek.hu\/index.php\/adatvedelmi-kozpont\/\">&larr; Vissza az adatv\u00e9delmi k\u00f6zpontba<\/a><form action=\"\/index.php\/wp-json\/wp\/v2\/pages\/850\" class=\"wordpress-gdpr-form wordpress-gdpr-form-contact-dpo\" method=\"post\"><input type=\"hidden\" name=\"wordpress_gdpr_form_type\" value=\"contact-dpo\"><div class=\"form-group\"><label for=\"gdpr_firstname\">Vezet\u00e9kn\u00e9v (*)<\/label><input class=\"form-control\" type=\"text\" name=\"gdpr_firstname\" value=\"\" required \/><\/div><div class=\"form-group\"><label for=\"gdpr_lastname\">Keresztn\u00e9v (*)<\/label><input class=\"form-control\" type=\"text\" name=\"gdpr_lastname\" value=\"\" required \/><\/div><div class=\"form-group\"><label for=\"gdpr_email\">Email c\u00edm (*)<\/label><input class=\"form-control\" type=\"email\" name=\"gdpr_email\" value=\"\" required \/><\/div><div class=\"form-group\"><label for=\"gdpr_message\">\u00dczenet (*)<\/label><textarea class=\"form-control\" name=\"gdpr_message\" required \/><\/textarea><\/div><div class=\"form-group\"><label for=\"gdpr_terms\"><input class=\"form-control\" type=\"checkbox\" name=\"gdpr_terms\" value=\"1\" required \/>Elfogadom az adatv\u00e9delmi ir\u00e1nyelvet, \u00e9s hozz\u00e1j\u00e1rulok az adataim t\u00e1rol\u00e1s\u00e1hoz a GDPR szab\u00e1lyai szerint.<\/label><\/div><input type=\"submit\" name=\"gdpr_submitted\" value=\"K\u00fcld\u00e9s\"\/><\/form><\/div> <\/div> <\/div><\/div><\/div><\/div><\/section>\n","protected":false},"excerpt":{"rendered":"[vc_custom_heading text=\"Adatv\u00e9delmi kapcsolatfelv\u00e9tel\" font_container=\"tag:h2|font_size:25px|text_align:left\" google_fonts=\"font_family:Merriweather%3A300%2C300italic%2Cregular%2Citalic%2C700%2C700italic%2C900%2C900italic|font_style:400%20regular%3A400%3Anormal\" css=\".vc_custom_1527191105047{margin-bottom: 10px !important;}\"]Adatkezel\u00e9ssel kapcsolatos \u00e9szrev\u00e9tele, panasza van? L\u00e9pjen kapcsolatba vel\u00fcnk az info@icxhungary.hu e-mail c\u00edmen vagy t\u00f6ltse ki az al\u00e1bbi \u0171rlapot! &larr; Vissza az adatv\u00e9delmi k\u00f6zpontbaVezet\u00e9kn\u00e9v (*)Keresztn\u00e9v (*)Email c\u00edm (*)\u00dczenet (*)Elfogadom az adatv\u00e9delmi ir\u00e1nyelvet, \u00e9s hozz\u00e1j\u00e1rulok az adataim t\u00e1rol\u00e1s\u00e1hoz a GDPR szab\u00e1lyai szerint.","protected":false},"author":1,"featured_media":0,"parent":0,"menu_order":0,"comment_status":"closed","ping_status":"open","template":"","meta":[],"_links":{"self":[{"href":"https:\/\/www.implantatumotszeretnek.hu\/index.php\/wp-json\/wp\/v2\/pages\/850"}],"collection":[{"href":"https:\/\/www.implantatumotszeretnek.hu\/index.php\/wp-json\/wp\/v2\/pages"}],"about":[{"href":"https:\/\/www.implantatumotszeretnek.hu\/index.php\/wp-json\/wp\/v2\/types\/page"}],"author":[{"embeddable":true,"href":"https:\/\/www.implantatumotszeretnek.hu\/index.php\/wp-json\/wp\/v2\/users\/1"}],"replies":[{"embeddable":true,"href":"https:\/\/www.implantatumotszeretnek.hu\/index.php\/wp-json\/wp\/v2\/comments?post=850"}],"version-history":[{"count":1,"href":"https:\/\/www.implantatumotszeretnek.hu\/index.php\/wp-json\/wp\/v2\/pages\/850\/revisions"}],"predecessor-version":[{"id":851,"href":"https:\/\/www.implantatumotszeretnek.hu\/index.php\/wp-json\/wp\/v2\/pages\/850\/revisions\/851"}],"wp:attachment":[{"href":"https:\/\/www.implantatumotszeretnek.hu\/index.php\/wp-json\/wp\/v2\/media?parent=850"}],"curies":[{"name":"wp","href":"https:\/\/api.w.org\/{rel}","templated":true}]}}