{"id":847,"date":"2018-05-24T19:43:27","date_gmt":"2018-05-24T19:43:27","guid":{"rendered":"http:\/\/www.implantatumotszeretnek.hu\/?page_id=847"},"modified":"2018-05-24T19:43:27","modified_gmt":"2018-05-24T19:43:27","slug":"adatvedelmi-iranyelvek","status":"publish","type":"page","link":"https:\/\/www.implantatumotszeretnek.hu\/index.php\/adatvedelmi-iranyelvek\/","title":{"rendered":"Adatv\u00e9delmi ir\u00e1nyelvek"},"content":{"rendered":"<section class=\"l-section wpb_row height_medium\"><div class=\"l-section-h i-cf\"><div class=\"g-cols offset_medium\"><div class=\"vc_col-sm-12 wpb_column vc_column_container\"><div class=\"vc_column-inner\">[vc_custom_heading text=&#8221;Adatv\u00e9delmi nyilatkozat&#8221; font_container=&#8221;tag:h2|font_size:25px|text_align:left&#8221; google_fonts=&#8221;font_family:Merriweather%3A300%2C300italic%2Cregular%2Citalic%2C700%2C700italic%2C900%2C900italic|font_style:400%20regular%3A400%3Anormal&#8221; css=&#8221;.vc_custom_1527190994272{margin-bottom: 10px !important;}&#8221;]<div class=\"wpb_text_column \"><div class=\"wpb_wrapper\"><p>A www.implantatumotszeretnek.hu weboldal haszn\u00e1lata sor\u00e1n a Felhaszn\u00e1l\u00f3 \u00e1ltal rendelkez\u00e9sre bocs\u00e1tott adatok kezel\u0151je az ICX Hungary Kft.<\/p>\n<p>A honlap m\u0171k\u00f6d\u00e9se sor\u00e1n \u00fan. s\u00fctiket\/cookie-kat haszn\u00e1l, melyeket a Felhaszn\u00e1l\u00f3 sz\u00e1m\u00edt\u00f3g\u00e9p\u00e9nek b\u00f6ng\u00e9sz\u0151je kezel. Ha a Felhaszn\u00e1l\u00f3 nem k\u00edv\u00e1nja enged\u00e9lyezni a cookie-k haszn\u00e1lat\u00e1t, \u00fagy b\u00f6ng\u00e9sz\u0151j\u00e9nek alapbe\u00e1ll\u00edt\u00e1sait m\u00f3dos\u00edthatja.<\/p>\n<p><strong>Mik azok a cookie-k\/s\u00fctik?<\/strong><\/p>\n<p>A cookie egy kis m\u00e9ret\u0171 sz\u00f6veges f\u00e1jl, amit a weboldal helyez el a sz\u00e1m\u00edt\u00f3g\u00e9p\u00e9n vagy mobileszk\u00f6z\u00e9n, amikor ell\u00e1togat egy oldalra.<br \/>\n\u00d6n letilthatja a b\u00f6ng\u00e9sz\u0151j\u00e9ben a cookie-k haszn\u00e1lat\u00e1t, de szeretn\u00e9nk kiemelni, hogy ebben az esetben el\u0151fordulhat, hogy nem tudja haszn\u00e1lni a honlap \u00f6sszes funkci\u00f3j\u00e1t. Ennek a honlapnak a haszn\u00e1lat\u00e1val \u00d6n elfogadja, hogy a Google feldolgozza az \u00f6sszegy\u0171jt\u00f6tt adatokat.<br \/>\nA honlap a Google Analytics-t haszn\u00e1lja, ami Google Inc. (&#8220;Google&#8221;) webes elemz\u00e9si szolg\u00e1ltat\u00e1sa.<\/p>\n<p><strong>Felhaszn\u00e1l\u00e1si felt\u00e9telek<\/strong><\/p>\n<p>A honlap Felhaszn\u00e1l\u00f3i l\u00e1togat\u00e1sukkal, az ott tal\u00e1lhat\u00f3 szolg\u00e1ltat\u00e1sok haszn\u00e1lat\u00e1val elfogadj\u00e1k az al\u00e1bbiakat:<\/p>\n<p style=\"padding-left: 30px;\">\u2013 a honlap l\u00e1togat\u00e1s\u00e1t, haszn\u00e1lat\u00e1t mindenki saj\u00e1t felel\u0151ss\u00e9g\u00e9re teszi;<br \/>\n\u2013 a honlapon olvashat\u00f3 inform\u00e1ci\u00f3k a megfelel\u0151 szakirodalom felhaszn\u00e1l\u00e1s\u00e1val \u00edr\u00f3dnak, \u00e1m nem min\u0151s\u00fclnek orvosi szakv\u00e9lem\u00e9nynek \u00e9s egyetlen esetben sem helyettes\u00edtik a szem\u00e9lyes szakorvosi vizsg\u00e1latot \u00e9s v\u00e9lem\u00e9nyez\u00e9st;<br \/>\n\u2013 a honlap haszn\u00e1lat\u00e1val kapcsolatba hozhat\u00f3 b\u00e1rmely hib\u00e1\u00e9rt, h\u00e1tr\u00e1ny\u00e9rt, k\u00e1r\u00e9rt az ICX Hungary Kft-t semmilyen felel\u0151ss\u00e9g nem terheli;<br \/>\n\u2013 a \u201eFogorvos aj\u00e1nl\u00f3\u201d men\u00fcpontban regisztr\u00e1lt rendel\u0151k k\u00e9peinek \u00e9s adatainak \u00e1tv\u00e9tele kiz\u00e1r\u00f3lag a rendel\u0151 \u00e9s az ICX Hungary Kft. el\u0151zetes beleegyez\u00e9s\u00e9vel t\u00f6rt\u00e9nik.<\/p>\n<p>A Felhaszn\u00e1l\u00f3 b\u00e1rmely, az adatkezel\u00e9ssel kapcsolatos k\u00e9rd\u00e9ssel, illetve \u00e9szrev\u00e9tellel a Szolg\u00e1ltat\u00f3 munkat\u00e1rs\u00e1hoz fordulhat az al\u00e1bbi el\u00e9rhet\u0151s\u00e9gen kereszt\u00fcl:<br \/>\ninfo@icxhungary.hu<\/p><\/div> <\/div> <\/div><\/div><\/div><\/div><\/section>\n","protected":false},"excerpt":{"rendered":"[vc_custom_heading text=\"Adatv\u00e9delmi nyilatkozat\" font_container=\"tag:h2|font_size:25px|text_align:left\" google_fonts=\"font_family:Merriweather%3A300%2C300italic%2Cregular%2Citalic%2C700%2C700italic%2C900%2C900italic|font_style:400%20regular%3A400%3Anormal\" css=\".vc_custom_1527190994272{margin-bottom: 10px !important;}\"]A www.implantatumotszeretnek.hu weboldal haszn\u00e1lata sor\u00e1n a Felhaszn\u00e1l\u00f3 \u00e1ltal rendelkez\u00e9sre bocs\u00e1tott adatok kezel\u0151je az ICX Hungary Kft. A honlap m\u0171k\u00f6d\u00e9se sor\u00e1n \u00fan. s\u00fctiket\/cookie-kat haszn\u00e1l, melyeket a Felhaszn\u00e1l\u00f3 sz\u00e1m\u00edt\u00f3g\u00e9p\u00e9nek b\u00f6ng\u00e9sz\u0151je kezel. Ha a Felhaszn\u00e1l\u00f3 nem k\u00edv\u00e1nja enged\u00e9lyezni a cookie-k haszn\u00e1lat\u00e1t, \u00fagy b\u00f6ng\u00e9sz\u0151j\u00e9nek alapbe\u00e1ll\u00edt\u00e1sait m\u00f3dos\u00edthatja. Mik azok a cookie-k\/s\u00fctik? A cookie...","protected":false},"author":1,"featured_media":0,"parent":0,"menu_order":0,"comment_status":"closed","ping_status":"open","template":"","meta":[],"_links":{"self":[{"href":"https:\/\/www.implantatumotszeretnek.hu\/index.php\/wp-json\/wp\/v2\/pages\/847"}],"collection":[{"href":"https:\/\/www.implantatumotszeretnek.hu\/index.php\/wp-json\/wp\/v2\/pages"}],"about":[{"href":"https:\/\/www.implantatumotszeretnek.hu\/index.php\/wp-json\/wp\/v2\/types\/page"}],"author":[{"embeddable":true,"href":"https:\/\/www.implantatumotszeretnek.hu\/index.php\/wp-json\/wp\/v2\/users\/1"}],"replies":[{"embeddable":true,"href":"https:\/\/www.implantatumotszeretnek.hu\/index.php\/wp-json\/wp\/v2\/comments?post=847"}],"version-history":[{"count":2,"href":"https:\/\/www.implantatumotszeretnek.hu\/index.php\/wp-json\/wp\/v2\/pages\/847\/revisions"}],"predecessor-version":[{"id":849,"href":"https:\/\/www.implantatumotszeretnek.hu\/index.php\/wp-json\/wp\/v2\/pages\/847\/revisions\/849"}],"wp:attachment":[{"href":"https:\/\/www.implantatumotszeretnek.hu\/index.php\/wp-json\/wp\/v2\/media?parent=847"}],"curies":[{"name":"wp","href":"https:\/\/api.w.org\/{rel}","templated":true}]}}