{"id":845,"date":"2018-05-24T19:39:46","date_gmt":"2018-05-24T19:39:46","guid":{"rendered":"http:\/\/www.implantatumotszeretnek.hu\/?page_id=845"},"modified":"2018-05-24T19:39:46","modified_gmt":"2018-05-24T19:39:46","slug":"adatvedelmi-beallitasok","status":"publish","type":"page","link":"https:\/\/www.implantatumotszeretnek.hu\/index.php\/adatvedelmi-beallitasok\/","title":{"rendered":"Adatv\u00e9delmi be\u00e1ll\u00edt\u00e1sok"},"content":{"rendered":"<section class=\"l-section wpb_row height_medium\"><div class=\"l-section-h i-cf\"><div class=\"g-cols offset_medium\"><div class=\"vc_col-sm-12 wpb_column vc_column_container\"><div class=\"vc_column-inner\">[vc_custom_heading text=&#8221;Adatv\u00e9delmi be\u00e1ll\u00edt\u00e1sok&#8221; font_container=&#8221;tag:h2|font_size:25px|text_align:left&#8221; google_fonts=&#8221;font_family:Merriweather%3A300%2C300italic%2Cregular%2Citalic%2C700%2C700italic%2C900%2C900italic|font_style:400%20regular%3A400%3Anormal&#8221; css=&#8221;.vc_custom_1527190722717{margin-bottom: 10px !important;}&#8221;]<div class=\"wpb_text_column \"><div class=\"wpb_wrapper\"><p>V\u00e1lassza ki, mely szolg\u00e1ltat\u00e1sok sz\u00e1m\u00e1ra enged\u00e9lyezi szem\u00e9lyes adatainak kezel\u00e9s\u00e9t!<\/p><\/div> <\/div> <div class=\"wpb_text_column \"><div class=\"wpb_wrapper\"><a class=\"wordpress-gdpr-back-link\" href=\"https:\/\/www.implantatumotszeretnek.hu\/index.php\/adatvedelmi-kozpont\/\">&larr; Vissza az adatv\u00e9delmi k\u00f6zpontba<\/a><div class=\"wordpress-gdpr-privacy-settings\"><table class=\"table wordpress-gdpr-privacy-settings-table\"><thead><tr><th>Cookie neve<\/th><th>Feladata<\/th><th>Enged\u00e9lyez<\/th><\/tr><\/thead><tr><td>Cookies<\/td><td>A Cookie-kat haszn\u00e1ljuk, hogy jobb internetes \u00e9lm\u00e9nyt ny\u00fajtsunk.<\/td><td><input class=\"form-control\" type=\"checkbox\" name=\"wordpress_gdpr_cookies_allowed\" value=\"1\" required><\/td><\/tr><tr><td>Google Analytics<\/td><td>A weboldalunk fejleszt\u00e9se \u00e9rdek\u00e9ben nyomon k\u00f6vetj\u00fck a felhaszn\u00e1l\u00f3i adatokat.<\/td><td><input class=\"form-control\" type=\"checkbox\" name=\"wordpress_gdpr_analytics_allowed\" value=\"1\" required><\/td><\/tr><\/table><\/div><\/div> <\/div> <\/div><\/div><\/div><\/div><\/section>\n","protected":false},"excerpt":{"rendered":"[vc_custom_heading text=\"Adatv\u00e9delmi be\u00e1ll\u00edt\u00e1sok\" font_container=\"tag:h2|font_size:25px|text_align:left\" google_fonts=\"font_family:Merriweather%3A300%2C300italic%2Cregular%2Citalic%2C700%2C700italic%2C900%2C900italic|font_style:400%20regular%3A400%3Anormal\" css=\".vc_custom_1527190722717{margin-bottom: 10px !important;}\"]V\u00e1lassza ki, mely szolg\u00e1ltat\u00e1sok sz\u00e1m\u00e1ra enged\u00e9lyezi szem\u00e9lyes adatainak kezel\u00e9s\u00e9t! &larr; Vissza az adatv\u00e9delmi k\u00f6zpontbaCookie neveFeladataEnged\u00e9lyezCookiesA Cookie-kat haszn\u00e1ljuk, hogy jobb internetes \u00e9lm\u00e9nyt ny\u00fajtsunk.Google AnalyticsA weboldalunk fejleszt\u00e9se \u00e9rdek\u00e9ben nyomon k\u00f6vetj\u00fck a felhaszn\u00e1l\u00f3i adatokat.","protected":false},"author":1,"featured_media":0,"parent":0,"menu_order":0,"comment_status":"closed","ping_status":"open","template":"","meta":[],"_links":{"self":[{"href":"https:\/\/www.implantatumotszeretnek.hu\/index.php\/wp-json\/wp\/v2\/pages\/845"}],"collection":[{"href":"https:\/\/www.implantatumotszeretnek.hu\/index.php\/wp-json\/wp\/v2\/pages"}],"about":[{"href":"https:\/\/www.implantatumotszeretnek.hu\/index.php\/wp-json\/wp\/v2\/types\/page"}],"author":[{"embeddable":true,"href":"https:\/\/www.implantatumotszeretnek.hu\/index.php\/wp-json\/wp\/v2\/users\/1"}],"replies":[{"embeddable":true,"href":"https:\/\/www.implantatumotszeretnek.hu\/index.php\/wp-json\/wp\/v2\/comments?post=845"}],"version-history":[{"count":1,"href":"https:\/\/www.implantatumotszeretnek.hu\/index.php\/wp-json\/wp\/v2\/pages\/845\/revisions"}],"predecessor-version":[{"id":846,"href":"https:\/\/www.implantatumotszeretnek.hu\/index.php\/wp-json\/wp\/v2\/pages\/845\/revisions\/846"}],"wp:attachment":[{"href":"https:\/\/www.implantatumotszeretnek.hu\/index.php\/wp-json\/wp\/v2\/media?parent=845"}],"curies":[{"name":"wp","href":"https:\/\/api.w.org\/{rel}","templated":true}]}}