{"id":7,"date":"2016-08-16T17:42:20","date_gmt":"2016-08-16T17:42:20","guid":{"rendered":"http:\/\/www.implantatumotszeretnek.hu\/?page_id=7"},"modified":"2016-11-30T13:43:40","modified_gmt":"2016-11-30T13:43:40","slug":"a-fogimplantatumrol","status":"publish","type":"page","link":"https:\/\/www.implantatumotszeretnek.hu\/index.php\/a-fogimplantatumrol\/","title":{"rendered":"A fogimplant\u00e1tumr\u00f3l"},"content":{"rendered":"<section class=\"l-section wpb_row height_medium with_img\"><div class=\"l-section-img\" style=\"background-image: url(https:\/\/www.implantatumotszeretnek.hu\/wp-content\/uploads\/2016\/08\/implantrol3.jpg);background-repeat: no-repeat;\" data-img-width=\"1896\" data-img-height=\"450\"><\/div><div class=\"l-section-h i-cf\"><div class=\"g-cols offset_medium\"><div class=\"vc_col-sm-12 wpb_column vc_column_container\"><div class=\"vc_column-inner\">[vc_custom_heading text=&#8221;A fogimplant\u00e1tumr\u00f3l&#8221; font_container=&#8221;tag:h2|text_align:center|color:%23ffffff&#8221; google_fonts=&#8221;font_family:Open%20Sans%3A300%2C300italic%2Cregular%2Citalic%2C600%2C600italic%2C700%2C700italic%2C800%2C800italic|font_style:300%20light%20regular%3A300%3Anormal&#8221; el_class=&#8221;shadowt&#8221;]<div class=\"wpb_text_column  shadowt\"><div class=\"wpb_wrapper\">\n<h3 style=\"text-align: center; color: #fff;\">Mi az a fog\u00e1szati implant\u00e1tum?<\/h3>\n<\/div> <\/div> <\/div><\/div><\/div><\/div><\/section><section class=\"l-section wpb_row height_medium\"><div class=\"l-section-h i-cf\"><div class=\"g-cols offset_medium\"><div class=\"vc_col-sm-6 wpb_column vc_column_container animate_afl\"><div class=\"vc_column-inner\"><div class=\"wpb_text_column \"><div class=\"wpb_wrapper\">\n<h3 style=\"color: #47b3e6;\">IMPLANT\u00c1TUMOK<\/h3>\n<h5>A fogimplant\u00e1tumok a hagyom\u00e1nyos fogp\u00f3tl\u00e1sok, a koron\u00e1k \u00e9s hidak biztons\u00e1gos alternat\u00edv\u00e1j\u00e1t jelentik: re\u00e1lis k\u00f6lts\u00e9gekkel.<br \/>\nEl\u0151nye, hogy az \u00e9p fogak k\u00e1rosod\u00e1sa n\u00e9lk\u00fcl p\u00f3tolhatj\u00e1k a hi\u00e1nyz\u00f3 fogakat.<br \/>\nAz implant\u00e1tumokkal besz\u00e9de ism\u00e9t term\u00e9szetess\u00e9 v\u00e1lhat, nincs t\u00f6bb\u00e9 szorong\u00e1s, k\u00e9nyelmetlen k\u00f6z\u00e9rzet, kellemetlen meglepet\u00e9s.<\/h5>\n<\/div> <\/div> <\/div><\/div><div class=\"vc_col-sm-6 wpb_column vc_column_container animate_afl d1\"><div class=\"vc_column-inner\"><div class=\"w-image  animate_fade\"><img width=\"600\" height=\"435\" src=\"https:\/\/www.implantatumotszeretnek.hu\/wp-content\/uploads\/2016\/08\/abra2-600x435.png\" class=\"attachment-tnail-masonry size-tnail-masonry\" alt=\"\" loading=\"lazy\" srcset=\"https:\/\/www.implantatumotszeretnek.hu\/wp-content\/uploads\/2016\/08\/abra2-600x435.png 600w, https:\/\/www.implantatumotszeretnek.hu\/wp-content\/uploads\/2016\/08\/abra2-300x218.png 300w, https:\/\/www.implantatumotszeretnek.hu\/wp-content\/uploads\/2016\/08\/abra2.png 662w\" sizes=\"(max-width: 600px) 100vw, 600px\" \/><\/div><\/div><\/div><\/div><\/div><\/section><!-- Row Backgrounds --><div class=\"upb_color\" data-bg-override=\"0\" data-bg-color=\"rgba(180,253,239,0.37)\" data-fadeout=\"\" data-fadeout-percentage=\"30\" data-parallax-content=\"\" data-parallax-content-sense=\"30\" data-row-effect-mobile-disable=\"true\" data-img-parallax-mobile-disable=\"true\" data-rtl=\"false\"  data-custom-vc-row=\"\"  data-vc=\"4.12\"  data-is_old_vc=\"\"  data-theme-support=\"\"   data-overlay=\"false\" data-overlay-color=\"\" data-overlay-pattern=\"\" data-overlay-pattern-opacity=\"\" data-overlay-pattern-size=\"\"    ><\/div><section class=\"l-section wpb_row height_auto\" style=\"padding-top: 5px !important;padding-bottom: 10px !important;\"><div class=\"l-section-h i-cf\"><div class=\"g-cols offset_medium\"><div class=\"vc_col-sm-12 wpb_column vc_column_container\"><div class=\"vc_column-inner\"><div class=\"wpb_text_column \"><div class=\"wpb_wrapper\">\n<h2 style=\"text-align: center; color: #fff;\">Fog\u00e1szati implant\u00e1tum<\/h2>\n<\/div> <\/div> <\/div><\/div><\/div><\/div><\/section><!-- Row Backgrounds --><div class=\"upb_color\" data-bg-override=\"0\" data-bg-color=\"#2f3948\" data-fadeout=\"\" data-fadeout-percentage=\"30\" data-parallax-content=\"\" data-parallax-content-sense=\"30\" data-row-effect-mobile-disable=\"true\" data-img-parallax-mobile-disable=\"true\" data-rtl=\"false\"  data-custom-vc-row=\"\"  data-vc=\"4.12\"  data-is_old_vc=\"\"  data-theme-support=\"\"   data-overlay=\"false\" data-overlay-color=\"\" data-overlay-pattern=\"\" data-overlay-pattern-opacity=\"\" data-overlay-pattern-size=\"\"    ><\/div><section class=\"l-section wpb_row height_medium\"><div class=\"l-section-h i-cf\"><div class=\"g-cols offset_medium\"><div class=\"vc_col-sm-4 wpb_column vc_column_container\"><div class=\"vc_column-inner\"><div class=\"wpb_text_column \"><div class=\"wpb_wrapper\">\n<h6>A fog\u00e1szati implant\u00e1tum egy \u00e1llcsontba be\u00fcltetett m\u0171gy\u00f6k\u00e9r, amely az anat\u00f3miai gy\u00f6kerekhez hasonl\u00f3 geometri\u00e1val rendelkezik, ez\u00e1ltal azok term\u00e9szetes form\u00e1j\u00e1t reproduk\u00e1lja. A fogimplant\u00e1tum ugyanazt a funkci\u00f3t l\u00e1tja el, mint a saj\u00e1t foggy\u00f6k\u00e9r \u2013 teh\u00e1t\u00a0 seg\u00edts\u00e9g\u00e9vel egyenk\u00e9nt, szakaszonk\u00e9nt vagy ak\u00e1r \u00e1llcsontonk\u00e9nt p\u00f3tolhat\u00f3ak az elvesztett fogak. A m\u0171gy\u00f6k\u00e9r \u00e1tveszi a term\u00e9szetes foggy\u00f6k\u00e9r funkci\u00f3j\u00e1t az\u00e1ltal, hogy a csonttal k\u00f6zvetlen kapcsolatot l\u00e9tes\u00edt.<\/h6>\n<\/div> <\/div> <\/div><\/div><div class=\"vc_col-sm-4 wpb_column vc_column_container\"><div class=\"vc_column-inner\"><div class=\"w-slider\"><div class=\"royalSlider rsDefault\"><div class=\"rsContent\"><img class=\"rsImg\" data-rsw=\"305\" data-rsh=\"250\" src=\"https:\/\/www.implantatumotszeretnek.hu\/wp-content\/uploads\/2016\/08\/imp_img1.png\"><\/div><div class=\"rsContent\"><img class=\"rsImg\" data-rsw=\"305\" data-rsh=\"250\" src=\"https:\/\/www.implantatumotszeretnek.hu\/wp-content\/uploads\/2016\/08\/imp_img3.png\"><\/div><div class=\"rsContent\"><img class=\"rsImg\" data-rsw=\"305\" data-rsh=\"250\" src=\"https:\/\/www.implantatumotszeretnek.hu\/wp-content\/uploads\/2016\/08\/imp_img2.png\"><\/div><div class=\"rsContent\"><img class=\"rsImg\" data-rsw=\"305\" data-rsh=\"250\" src=\"https:\/\/www.implantatumotszeretnek.hu\/wp-content\/uploads\/2016\/08\/imp_img4.png\"><\/div><div class=\"rsContent\"><img class=\"rsImg\" data-rsw=\"305\" data-rsh=\"250\" src=\"https:\/\/www.implantatumotszeretnek.hu\/wp-content\/uploads\/2016\/08\/imp_img5.png\"><\/div><\/div><div class=\"w-slider-json\" onclick='return {&quot;transitionSpeed&quot;:300,&quot;loopRewind&quot;:true,&quot;slidesSpacing&quot;:0,&quot;imageScalePadding&quot;:0,&quot;numImagesToPreload&quot;:2,&quot;arrowsNav&quot;:true,&quot;arrowsNavAutoHide&quot;:true,&quot;transitionType&quot;:&quot;move&quot;,&quot;block&quot;:{&quot;moveEffect&quot;:&quot;none&quot;,&quot;speed&quot;:300},&quot;controlNavigation&quot;:&quot;none&quot;,&quot;autoplay&quot;:{&quot;enabled&quot;:true,&quot;pauseOnHover&quot;:true,&quot;delay&quot;:3000},&quot;imageScaleMode&quot;:&quot;fit-if-smaller&quot;,&quot;autoScaleSlider&quot;:true,&quot;autoScaleSliderWidth&quot;:305,&quot;autoScaleSliderHeight&quot;:250,&quot;fitInViewport&quot;:false}'><\/div><\/div><\/div><\/div><div class=\"vc_col-sm-4 wpb_column vc_column_container\"><div class=\"vc_column-inner\"><div class=\"wpb_text_column \"><div class=\"wpb_wrapper\">\n<h6>\u00cdgy seg\u00edti a prot\u00e9zisek, a koron\u00e1k \u00e9s a hidak megt\u00e1maszt\u00e1s\u00e1t, tov\u00e1bb\u00e1 a kivehet\u0151 prot\u00e9zis stabilit\u00e1s\u00e1t is n\u00f6veli. Emellett normaliz\u00e1lja a csont anyagcsere folyamatait \u00e9s megakad\u00e1lyozza a fogelveszt\u00e9ssel j\u00e1r\u00f3 csontle\u00e9p\u00fcl\u00e9st. Az implant\u00e1tumok term\u00e9szetes komfort\u00e9rzetet ny\u00fajtanak az eg\u00e9szs\u00e9ges fogak meg\u00f3v\u00e1sa mellett, \u00e9s az egy\u00e9b p\u00f3tl\u00e1sok k\u00f6lts\u00e9geihez k\u00e9pest a k\u00fcl\u00f6nbs\u00e9gek elhanyagolhat\u00f3ak.<\/h6>\n<\/div> <\/div> <\/div><\/div><\/div><\/div><\/section><!-- Row Backgrounds --><div class=\"upb_color\" data-bg-override=\"0\" data-bg-color=\"#f5f5f5\" data-fadeout=\"\" data-fadeout-percentage=\"30\" data-parallax-content=\"\" data-parallax-content-sense=\"30\" data-row-effect-mobile-disable=\"true\" data-img-parallax-mobile-disable=\"true\" data-rtl=\"false\"  data-custom-vc-row=\"\"  data-vc=\"4.12\"  data-is_old_vc=\"\"  data-theme-support=\"\"   data-overlay=\"false\" data-overlay-color=\"\" data-overlay-pattern=\"\" data-overlay-pattern-opacity=\"\" data-overlay-pattern-size=\"\"    ><\/div><section class=\"l-section wpb_row height_auto\"><div class=\"l-section-h i-cf\"><div class=\"g-cols offset_medium\"><div class=\"vc_col-sm-12 wpb_column vc_column_container\"><div class=\"vc_column-inner\"><div class=\"w-image  align_center\"><img width=\"850\" height=\"339\" src=\"https:\/\/www.implantatumotszeretnek.hu\/wp-content\/uploads\/2016\/08\/fogpotlas_imp2.png\" class=\"attachment-full size-full\" alt=\"\" loading=\"lazy\" srcset=\"https:\/\/www.implantatumotszeretnek.hu\/wp-content\/uploads\/2016\/08\/fogpotlas_imp2.png 850w, https:\/\/www.implantatumotszeretnek.hu\/wp-content\/uploads\/2016\/08\/fogpotlas_imp2-300x120.png 300w, https:\/\/www.implantatumotszeretnek.hu\/wp-content\/uploads\/2016\/08\/fogpotlas_imp2-768x306.png 768w, https:\/\/www.implantatumotszeretnek.hu\/wp-content\/uploads\/2016\/08\/fogpotlas_imp2-600x239.png 600w\" sizes=\"(max-width: 850px) 100vw, 850px\" \/><\/div><div class=\"wpb_text_column  vc_custom_1473709095218\"><div class=\"wpb_wrapper\">\n<p style=\"text-align: center; color: #fff;\">Elvesztett fogak p\u00f3tl\u00e1sa implant\u00e1tumokkal<\/p>\n<\/div> <\/div> <\/div><\/div><\/div><\/div><\/section><!-- Row Backgrounds --><div class=\"upb_color\" data-bg-override=\"0\" data-bg-color=\"#457191\" data-fadeout=\"\" data-fadeout-percentage=\"30\" data-parallax-content=\"\" data-parallax-content-sense=\"30\" data-row-effect-mobile-disable=\"true\" data-img-parallax-mobile-disable=\"true\" data-rtl=\"false\"  data-custom-vc-row=\"\"  data-vc=\"4.12\"  data-is_old_vc=\"\"  data-theme-support=\"\"   data-overlay=\"false\" data-overlay-color=\"\" data-overlay-pattern=\"\" data-overlay-pattern-opacity=\"\" data-overlay-pattern-size=\"\"    ><\/div><section class=\"l-section wpb_row height_auto\" style=\"margin-top: 20px !important;padding-top: 5px !important;padding-bottom: 10px !important;\"><div class=\"l-section-h i-cf\"><div class=\"g-cols offset_medium\"><div class=\"vc_col-sm-12 wpb_column vc_column_container\"><div class=\"vc_column-inner\"><div class=\"wpb_text_column \"><div class=\"wpb_wrapper\">\n<h2 style=\"text-align: center; color: #fff;\">IMPLANTOL\u00d3GIA<\/h2>\n<\/div> <\/div> <\/div><\/div><\/div><\/div><\/section><!-- Row Backgrounds --><div class=\"upb_color\" data-bg-override=\"0\" data-bg-color=\"#efac37\" data-fadeout=\"\" data-fadeout-percentage=\"30\" data-parallax-content=\"\" data-parallax-content-sense=\"30\" data-row-effect-mobile-disable=\"true\" data-img-parallax-mobile-disable=\"true\" data-rtl=\"false\"  data-custom-vc-row=\"\"  data-vc=\"4.12\"  data-is_old_vc=\"\"  data-theme-support=\"\"   data-overlay=\"false\" data-overlay-color=\"\" data-overlay-pattern=\"\" data-overlay-pattern-opacity=\"\" data-overlay-pattern-size=\"\"    ><\/div><section class=\"l-section wpb_row height_medium\"><div class=\"l-section-h i-cf\"><div class=\"g-cols offset_medium\"><div class=\"vc_col-sm-6 wpb_column vc_column_container animate_afl\"><div class=\"vc_column-inner\"><div class=\"wpb_text_column \"><div class=\"wpb_wrapper\">\n<h5>Az implantol\u00f3gia egy biztons\u00e1gos, el\u0151re megtervezhet\u0151, modern fog\u00e1szati elj\u00e1r\u00e1s, amely k\u00f6r\u00fcltekint\u0151en kidolgozott, tudom\u00e1nyos dokument\u00e1ci\u00f3n alapul.<\/h5>\n<h5>A kimagasl\u00f3 eredm\u00e9nyek \u00e9s a rendelkez\u00e9sre \u00e1ll\u00f3 r\u00e9szletes szakmai meger\u0151s\u00edt\u00e9s el\u0151seg\u00edtette az implant\u00e1ci\u00f3s beavatkoz\u00e1sok sz\u00e1m\u00e1nak n\u00f6veked\u00e9s\u00e9t, k\u00fcl\u00f6n\u00f6sen az elm\u00falt \u00e9vtizedben.<\/h5>\n<\/div> <\/div> <\/div><\/div><div class=\"vc_col-sm-6 wpb_column vc_column_container animate_afl d1\"><div class=\"vc_column-inner\"><div class=\"w-image  align_center animate_fade d1\"><img width=\"689\" height=\"485\" src=\"https:\/\/www.implantatumotszeretnek.hu\/wp-content\/uploads\/2016\/08\/abra3.png\" class=\"attachment-full size-full\" alt=\"\" loading=\"lazy\" srcset=\"https:\/\/www.implantatumotszeretnek.hu\/wp-content\/uploads\/2016\/08\/abra3.png 689w, https:\/\/www.implantatumotszeretnek.hu\/wp-content\/uploads\/2016\/08\/abra3-300x211.png 300w, https:\/\/www.implantatumotszeretnek.hu\/wp-content\/uploads\/2016\/08\/abra3-600x422.png 600w\" sizes=\"(max-width: 689px) 100vw, 689px\" \/><\/div><\/div><\/div><\/div><\/div><\/section><!-- Row Backgrounds --><div class=\"upb_color\" data-bg-override=\"0\" data-bg-color=\"rgba(180,253,239,0.37)\" data-fadeout=\"\" data-fadeout-percentage=\"30\" data-parallax-content=\"\" data-parallax-content-sense=\"30\" data-row-effect-mobile-disable=\"true\" data-img-parallax-mobile-disable=\"true\" data-rtl=\"false\"  data-custom-vc-row=\"\"  data-vc=\"4.12\"  data-is_old_vc=\"\"  data-theme-support=\"\"   data-overlay=\"false\" data-overlay-color=\"\" data-overlay-pattern=\"\" data-overlay-pattern-opacity=\"\" data-overlay-pattern-size=\"\"    ><\/div><section class=\"l-section wpb_row height_medium\"><div class=\"l-section-h i-cf\"><div class=\"g-cols offset_medium\"><div class=\"vc_col-sm-12 wpb_column vc_column_container\"><div class=\"vc_column-inner\"><div class=\"wpb_text_column \"><div class=\"wpb_wrapper\">\n<h5 style=\"text-align: center;\">A t\u00f6bb implant\u00e1tum prec\u00edzebb megt\u00e1maszt\u00e1st, egyenletesebb er\u0151eloszt\u00e1st<br \/>\n\u00e9s fokozottabb stabilit\u00e1st ny\u00fajt, \u00edgy nagyobb biztons\u00e1got jelent.<br \/>\nSeg\u00edts\u00e9g\u00fckkel a term\u00e9szetes fogakkal azonos \u00e9rzet\u0171 \u00e9s hat\u00e1sfok\u00fa r\u00e1g\u00f3funkci\u00f3 \u00e9rhet\u0151 el.<br \/>\nA fog\u00e1szati kezel\u00e9sek komplex k\u00f6lts\u00e9ge m\u00e9rs\u00e9kelhet\u0151 az implant\u00e1tumok optim\u00e1lis sz\u00e1m\u00e1nak meghat\u00e1roz\u00e1s\u00e1val.<br \/>\n<strong><em><br \/>\nTov\u00e1bbi inform\u00e1ci\u00f3k\u00e9rt k\u00e9rje szakorvosa r\u00e9szletes t\u00e1j\u00e9koztat\u00e1s\u00e1t!<\/em><\/strong><\/h5>\n<\/div> <\/div> <\/div><\/div><\/div><\/div><\/section><section class=\"l-section wpb_row height_large with_img\"><div class=\"l-section-img\" style=\"background-image: url(https:\/\/www.implantatumotszeretnek.hu\/wp-content\/uploads\/2016\/08\/p_imp_bk.jpg);background-repeat: no-repeat;\" data-img-width=\"1920\" data-img-height=\"409\"><\/div><div class=\"l-section-h i-cf\"><div class=\"g-cols offset_medium\"><div class=\"vc_col-sm-12 wpb_column vc_column_container\"><div class=\"vc_column-inner\"><div class=\"wpb_text_column  vc_custom_1473753033946 shadowt\"><div class=\"wpb_wrapper\">\n<h3 style=\"text-align: center; color: #fff;\"><strong>Csatlakozzon azon emberek milli\u00f3ihoz, akiknek korrekt megold\u00e1st<\/strong><br \/>\n<strong>\u00e9s teljes el\u00e9gedetts\u00e9get biztos\u00edt a fog\u00e1szati implant\u00e1tumok alkalmaz\u00e1sa!<\/strong><\/h3>\n<\/div> <\/div> <\/div><\/div><\/div><\/div><\/section>\n","protected":false},"excerpt":{"rendered":"[vc_custom_heading text=\"A fogimplant\u00e1tumr\u00f3l\" font_container=\"tag:h2|text_align:center|color:%23ffffff\" google_fonts=\"font_family:Open%20Sans%3A300%2C300italic%2Cregular%2Citalic%2C600%2C600italic%2C700%2C700italic%2C800%2C800italic|font_style:300%20light%20regular%3A300%3Anormal\" el_class=\"shadowt\"] Mi az a fog\u00e1szati implant\u00e1tum? IMPLANT\u00c1TUMOK A fogimplant\u00e1tumok a hagyom\u00e1nyos fogp\u00f3tl\u00e1sok, a koron\u00e1k \u00e9s hidak biztons\u00e1gos alternat\u00edv\u00e1j\u00e1t jelentik: re\u00e1lis k\u00f6lts\u00e9gekkel. El\u0151nye, hogy az \u00e9p fogak k\u00e1rosod\u00e1sa n\u00e9lk\u00fcl p\u00f3tolhatj\u00e1k a hi\u00e1nyz\u00f3 fogakat. Az implant\u00e1tumokkal besz\u00e9de ism\u00e9t term\u00e9szetess\u00e9 v\u00e1lhat, nincs t\u00f6bb\u00e9 szorong\u00e1s, k\u00e9nyelmetlen k\u00f6z\u00e9rzet, kellemetlen meglepet\u00e9s. Fog\u00e1szati implant\u00e1tum A fog\u00e1szati implant\u00e1tum...","protected":false},"author":1,"featured_media":0,"parent":0,"menu_order":0,"comment_status":"closed","ping_status":"closed","template":"","meta":[],"_links":{"self":[{"href":"https:\/\/www.implantatumotszeretnek.hu\/index.php\/wp-json\/wp\/v2\/pages\/7"}],"collection":[{"href":"https:\/\/www.implantatumotszeretnek.hu\/index.php\/wp-json\/wp\/v2\/pages"}],"about":[{"href":"https:\/\/www.implantatumotszeretnek.hu\/index.php\/wp-json\/wp\/v2\/types\/page"}],"author":[{"embeddable":true,"href":"https:\/\/www.implantatumotszeretnek.hu\/index.php\/wp-json\/wp\/v2\/users\/1"}],"replies":[{"embeddable":true,"href":"https:\/\/www.implantatumotszeretnek.hu\/index.php\/wp-json\/wp\/v2\/comments?post=7"}],"version-history":[{"count":72,"href":"https:\/\/www.implantatumotszeretnek.hu\/index.php\/wp-json\/wp\/v2\/pages\/7\/revisions"}],"predecessor-version":[{"id":753,"href":"https:\/\/www.implantatumotszeretnek.hu\/index.php\/wp-json\/wp\/v2\/pages\/7\/revisions\/753"}],"wp:attachment":[{"href":"https:\/\/www.implantatumotszeretnek.hu\/index.php\/wp-json\/wp\/v2\/media?parent=7"}],"curies":[{"name":"wp","href":"https:\/\/api.w.org\/{rel}","templated":true}]}}